{"id":21801,"date":"2023-02-10T11:59:03","date_gmt":"2023-02-10T10:59:03","guid":{"rendered":"https:\/\/burama.be\/?page_id=21801"},"modified":"2024-08-13T15:07:59","modified_gmt":"2024-08-13T13:07:59","slug":"conditions-generales","status":"publish","type":"page","link":"https:\/\/burama.be\/fr\/conditions-generales\/","title":{"rendered":"Conditions g\u00e9n\u00e9rales de vente"},"content":{"rendered":"\n<div class=\"acf-block acf-block-paragraph\" data-aos=\"fade-up\" data-aos-anchor-placement=\"top-bottom\">\n    <div class=\"container-fluid\">\n        <div class=\"content-container\">\n            <div class=\"row\">\n                <div class=\"col-lg-10 col-with-space\"><h1 class=\"section__title\">Conditions g\u00e9n\u00e9rales<\/h1><div class=\"section__content\"><ol>\n<li>Sauf stipulation contraire expresse et \u00e9crite de notre part, nos conditions de vente sont seules valables, m\u00eame si elles sont en opposition avec celles du client. Toute passation d\u2019ordre implique leur acceptation sans r\u00e9serve.<\/li>\n<li>Sauf stipulation expresse et \u00e9crite, nos offres s\u2019entendent sans engagement et ne sont pas livrables \u00e0 date fixe, les d\u00e9lais de livraison n\u2019\u00e9tant donn\u00e9s qu\u2019\u00e0 titre indicatif. Le retard de livraison ne peut, en aucun cas, justifier ni la r\u00e9siliation du contrat, ni une demande de dommages et int\u00e9r\u00eats. Nous nous r\u00e9servons le droit d\u2019annuler ou de remplacer certains articles par d\u2019autres similaires en cas de n\u00e9cessit\u00e9. Les mentions reprises dans nos catalogues ne sont qu\u2019indicatives et ne nous engagent pas.<\/li>\n<li>Nos marchandises voyagent aux risques et p\u00e9rils du destinataire. Nous d\u00e9clinons toute responsabilit\u00e9 pour retards, manquants, pertes ou avaries, le destinataire devant les faire constater par le transporteur responsable, ceci m\u00eame si nous avons d\u00e9sign\u00e9 nous-m\u00eames le transporteur et\/ou le mode de transport. La TVA et les frais de d\u00e9chargement, gardiennage, entreposage, de port et d\u2019emballages sont \u00e0 charge du client. Les frais de montage sont exclus du prix des fournitures et sont \u00e0 charge du client.<\/li>\n<li>Lorsque nous acceptons d\u2019effectuer nous-m\u00eames le montage, \u00e0 la demande du client, les frais lui en seront factur\u00e9s. Le client nous d\u00e9charge de toute responsabilit\u00e9 en cas dommages caus\u00e9s par toute installation \u00e9lectrique ou technique quelle qu\u2019elle soit. Un \u00ab proc\u00e8s-verbal de r\u00e9ception des travaux \u00bb nous sera d\u00e9livr\u00e9 sur simple demande. Toute r\u00e9clamation, tant au sujet des marchandises que pour la pr\u00e9sente facture, doit \u00eatre notifi\u00e9e par \u00e9crit dans les cinq jours de leur r\u00e9ception, sous peine forclusion.<\/li>\n<li>L\u2019annulation ou la modification d\u2019une commande est subordonn\u00e9e \u00e0 notre accord \u00e9crit.<\/li>\n<li>Le payement de nos factures s\u2019entend net au comptant, end\u00e9ans les 30 jours, au domicile du vendeur ou entre les mains d\u2019un d\u00e9l\u00e9gu\u00e9 d\u00fbment mandat\u00e9 par nous \u00e0 cet effet. Le payement comptant ou des garanties peuvent \u00eatre exig\u00e9es avant la livraison. En ce cas, la livraison est suspendue jusqu\u2019\u00e0 payement du prix comptant ou des garanties exig\u00e9es.<\/li>\n<li>Le non-paiement d\u2019une facture \u00e0 son \u00e9ch\u00e9ance fait courir, de plein droit et sans mise en demeure pr\u00e9alable un int\u00e9r\u00eat de retard de 1% par mois et entra\u00eene, en outre, une majoration de la facture de 15% avec un minimum de \u20ac 65,- (soixante-cinq euros), ce \u00e0 titre de clause p\u00e9nale.<\/li>\n<li>En cas de litige, les Tribunaux de Bruxelles sont seuls comp\u00e9tents. Si le litige est de la comp\u00e9tence du Juge de Paix, seul le Juge de Paix du 2 \u00e8me canton de Bruxelles sera comp\u00e9tent pour en conna\u00eetre.<\/li>\n<li>La garantie, s\u2019il en stipul\u00e9, ne peut jamais, pour quelle cause que ce soit, aller au-del\u00e0 du remplacement ou la reprise pure et simple de la ou des pi\u00e8ces d\u00e9fectueuses ou non conformes et ce, dans les d\u00e9lais n\u00e9cessaires \u00e0 la fabrication ou \u00e0 la livraison, frais de d\u00e9placement du personnel et transport des marchandises \u00e0 la charge du client. Aucune r\u00e9clamation ne sera admise si les marchandises ou pi\u00e8ces non conformes ou d\u00e9fectueuses ont \u00e9t\u00e9 l\u2019objet d\u2019un travail ou d\u2019une manipulation quelconque par le client.<\/li>\n<li>Le transfert de propri\u00e9t\u00e9 de la marchandise au client n\u2019est acquis qu\u2019apr\u00e8s payement int\u00e9gral de la facture. Le vendeur est en droit de reprendre la marchandise, aux frais du client, en cas de non payement int\u00e9gral du prix convenu et ce, d\u00e8s qu\u2019il aura notifi\u00e9 au client sa volont\u00e9 de se pr\u00e9valoir de la pr\u00e9sente clause de r\u00e9serve de propri\u00e9t\u00e9. Le client est responsable du mat\u00e9riel, en tant que gardien, d\u00e8s sa livraison.<\/li>\n<\/ol>\n<p>&nbsp;<\/p>\n<p><strong>Mentions l\u00e9gales<\/strong><\/p>\n<ul>\n<li>Nom : BURAMA<\/li>\n<li>Forme juridique : Soci\u00e9t\u00e9 anonyme<\/li>\n<li>Adresse postale du si\u00e8ge social : Avenue Louise 283\/5 \u2013 1050 Bruxelles<\/li>\n<li>T\u00e9l\u00e9phone : +32 (0) 648.62.36<\/li>\n<li>Email : burama@burama.be<\/li>\n<li>Num\u00e9ro ECB : 0407.246.679<\/li>\n<li>Num\u00e9ro de TVA : BE0407.246.679<\/li>\n<\/ul>\n<\/div><\/div>\n                <div class=\"d-none\"><\/div>\n            <\/div>\n        <\/div>\n    <\/div>\n<\/div>\n","protected":false},"excerpt":{"rendered":"","protected":false},"author":1,"featured_media":0,"parent":0,"menu_order":0,"comment_status":"closed","ping_status":"closed","template":"","meta":{"_acf_changed":false,"footnotes":""},"class_list":["post-21801","page","type-page","status-publish","hentry"],"acf":[],"yoast_head":"<!-- This site is optimized with the Yoast SEO plugin v26.9 - https:\/\/yoast.com\/product\/yoast-seo-wordpress\/ -->\n<title>Conditions g\u00e9n\u00e9rales de vente | Burama<\/title>\n<meta name=\"robots\" content=\"index, follow, max-snippet:-1, max-image-preview:large, max-video-preview:-1\" \/>\n<link rel=\"canonical\" href=\"https:\/\/burama.be\/fr\/conditions-generales\/\" \/>\n<meta property=\"og:type\" content=\"article\" \/>\n<meta property=\"og:title\" content=\"Conditions g\u00e9n\u00e9rales de vente | Burama\" \/>\n<meta property=\"og:url\" content=\"https:\/\/burama.be\/fr\/conditions-generales\/\" \/>\n<meta property=\"og:site_name\" content=\"Burama\" \/>\n<meta property=\"article:publisher\" content=\"https:\/\/www.facebook.com\/buramafurniture\" \/>\n<meta property=\"article:modified_time\" content=\"2024-08-13T13:07:59+00:00\" \/>\n<meta name=\"twitter:card\" content=\"summary_large_image\" \/>\n<script type=\"application\/ld+json\" class=\"yoast-schema-graph\">{\"@context\":\"https:\/\/schema.org\",\"@graph\":[{\"@type\":\"WebPage\",\"@id\":\"https:\/\/burama.be\/fr\/conditions-generales\/\",\"url\":\"https:\/\/burama.be\/fr\/conditions-generales\/\",\"name\":\"Conditions g\u00e9n\u00e9rales de vente | Burama\",\"isPartOf\":{\"@id\":\"https:\/\/burama.be\/fr\/#website\"},\"datePublished\":\"2023-02-10T10:59:03+00:00\",\"dateModified\":\"2024-08-13T13:07:59+00:00\",\"breadcrumb\":{\"@id\":\"https:\/\/burama.be\/fr\/conditions-generales\/#breadcrumb\"},\"inLanguage\":\"fr-FR\",\"potentialAction\":[{\"@type\":\"ReadAction\",\"target\":[\"https:\/\/burama.be\/fr\/conditions-generales\/\"]}]},{\"@type\":\"BreadcrumbList\",\"@id\":\"https:\/\/burama.be\/fr\/conditions-generales\/#breadcrumb\",\"itemListElement\":[{\"@type\":\"ListItem\",\"position\":1,\"name\":\"Home\",\"item\":\"https:\/\/burama.be\/fr\/\"},{\"@type\":\"ListItem\",\"position\":2,\"name\":\"Conditions g\u00e9n\u00e9rales de vente\"}]},{\"@type\":\"WebSite\",\"@id\":\"https:\/\/burama.be\/fr\/#website\",\"url\":\"https:\/\/burama.be\/fr\/\",\"name\":\"Burama\",\"description\":\"Improving your workspace\",\"publisher\":{\"@id\":\"https:\/\/burama.be\/fr\/#organization\"},\"potentialAction\":[{\"@type\":\"SearchAction\",\"target\":{\"@type\":\"EntryPoint\",\"urlTemplate\":\"https:\/\/burama.be\/fr\/?s={search_term_string}\"},\"query-input\":{\"@type\":\"PropertyValueSpecification\",\"valueRequired\":true,\"valueName\":\"search_term_string\"}}],\"inLanguage\":\"fr-FR\"},{\"@type\":\"Organization\",\"@id\":\"https:\/\/burama.be\/fr\/#organization\",\"name\":\"Burama\",\"url\":\"https:\/\/burama.be\/fr\/\",\"logo\":{\"@type\":\"ImageObject\",\"inLanguage\":\"fr-FR\",\"@id\":\"https:\/\/burama.be\/fr\/#\/schema\/logo\/image\/\",\"url\":\"https:\/\/burama.be\/app\/uploads\/2023\/02\/burama-logo-footer.svg\",\"contentUrl\":\"https:\/\/burama.be\/app\/uploads\/2023\/02\/burama-logo-footer.svg\",\"width\":1,\"height\":1,\"caption\":\"Burama\"},\"image\":{\"@id\":\"https:\/\/burama.be\/fr\/#\/schema\/logo\/image\/\"},\"sameAs\":[\"https:\/\/www.facebook.com\/buramafurniture\",\"https:\/\/be.linkedin.com\/company\/burama-be\",\"https:\/\/www.instagram.com\/burama.be\"]}]}<\/script>\n<!-- \/ Yoast SEO plugin. -->","yoast_head_json":{"title":"Conditions g\u00e9n\u00e9rales de vente | Burama","robots":{"index":"index","follow":"follow","max-snippet":"max-snippet:-1","max-image-preview":"max-image-preview:large","max-video-preview":"max-video-preview:-1"},"canonical":"https:\/\/burama.be\/fr\/conditions-generales\/","og_type":"article","og_title":"Conditions g\u00e9n\u00e9rales de vente | Burama","og_url":"https:\/\/burama.be\/fr\/conditions-generales\/","og_site_name":"Burama","article_publisher":"https:\/\/www.facebook.com\/buramafurniture","article_modified_time":"2024-08-13T13:07:59+00:00","twitter_card":"summary_large_image","schema":{"@context":"https:\/\/schema.org","@graph":[{"@type":"WebPage","@id":"https:\/\/burama.be\/fr\/conditions-generales\/","url":"https:\/\/burama.be\/fr\/conditions-generales\/","name":"Conditions g\u00e9n\u00e9rales de vente | Burama","isPartOf":{"@id":"https:\/\/burama.be\/fr\/#website"},"datePublished":"2023-02-10T10:59:03+00:00","dateModified":"2024-08-13T13:07:59+00:00","breadcrumb":{"@id":"https:\/\/burama.be\/fr\/conditions-generales\/#breadcrumb"},"inLanguage":"fr-FR","potentialAction":[{"@type":"ReadAction","target":["https:\/\/burama.be\/fr\/conditions-generales\/"]}]},{"@type":"BreadcrumbList","@id":"https:\/\/burama.be\/fr\/conditions-generales\/#breadcrumb","itemListElement":[{"@type":"ListItem","position":1,"name":"Home","item":"https:\/\/burama.be\/fr\/"},{"@type":"ListItem","position":2,"name":"Conditions g\u00e9n\u00e9rales de vente"}]},{"@type":"WebSite","@id":"https:\/\/burama.be\/fr\/#website","url":"https:\/\/burama.be\/fr\/","name":"Burama","description":"Improving your workspace","publisher":{"@id":"https:\/\/burama.be\/fr\/#organization"},"potentialAction":[{"@type":"SearchAction","target":{"@type":"EntryPoint","urlTemplate":"https:\/\/burama.be\/fr\/?s={search_term_string}"},"query-input":{"@type":"PropertyValueSpecification","valueRequired":true,"valueName":"search_term_string"}}],"inLanguage":"fr-FR"},{"@type":"Organization","@id":"https:\/\/burama.be\/fr\/#organization","name":"Burama","url":"https:\/\/burama.be\/fr\/","logo":{"@type":"ImageObject","inLanguage":"fr-FR","@id":"https:\/\/burama.be\/fr\/#\/schema\/logo\/image\/","url":"https:\/\/burama.be\/app\/uploads\/2023\/02\/burama-logo-footer.svg","contentUrl":"https:\/\/burama.be\/app\/uploads\/2023\/02\/burama-logo-footer.svg","width":1,"height":1,"caption":"Burama"},"image":{"@id":"https:\/\/burama.be\/fr\/#\/schema\/logo\/image\/"},"sameAs":["https:\/\/www.facebook.com\/buramafurniture","https:\/\/be.linkedin.com\/company\/burama-be","https:\/\/www.instagram.com\/burama.be"]}]}},"_links":{"self":[{"href":"https:\/\/burama.be\/fr\/wp-json\/wp\/v2\/pages\/21801","targetHints":{"allow":["GET"]}}],"collection":[{"href":"https:\/\/burama.be\/fr\/wp-json\/wp\/v2\/pages"}],"about":[{"href":"https:\/\/burama.be\/fr\/wp-json\/wp\/v2\/types\/page"}],"author":[{"embeddable":true,"href":"https:\/\/burama.be\/fr\/wp-json\/wp\/v2\/users\/1"}],"replies":[{"embeddable":true,"href":"https:\/\/burama.be\/fr\/wp-json\/wp\/v2\/comments?post=21801"}],"version-history":[{"count":8,"href":"https:\/\/burama.be\/fr\/wp-json\/wp\/v2\/pages\/21801\/revisions"}],"predecessor-version":[{"id":43648,"href":"https:\/\/burama.be\/fr\/wp-json\/wp\/v2\/pages\/21801\/revisions\/43648"}],"wp:attachment":[{"href":"https:\/\/burama.be\/fr\/wp-json\/wp\/v2\/media?parent=21801"}],"curies":[{"name":"wp","href":"https:\/\/api.w.org\/{rel}","templated":true}]}}