{"id":31112,"date":"2023-08-28T15:05:54","date_gmt":"2023-08-28T13:05:54","guid":{"rendered":"https:\/\/burama.be\/?page_id=31112"},"modified":"2024-08-07T13:01:24","modified_gmt":"2024-08-07T11:01:24","slug":"regles-de-confidentialite-cookies","status":"publish","type":"page","link":"https:\/\/burama.be\/fr\/regles-de-confidentialite-cookies\/","title":{"rendered":"R\u00e8gles de confidentialit\u00e9 &#038; Cookies"},"content":{"rendered":"\n<div class=\"acf-block acf-block-paragraph\" data-aos=\"fade-up\" data-aos-anchor-placement=\"top-bottom\">\n    <div class=\"container-fluid\">\n        <div class=\"content-container\">\n            <div class=\"row\">\n                <div class=\"col-lg-10 col-with-space\"><h1 class=\"section__title\">R\u00e8gles de confidentialit\u00e9<\/h1><div class=\"section__content\"><p>Burama, en tant que Responsable du traitement des donn\u00e9es \u00e0 caract\u00e8re personnel, s\u2019est engag\u00e9 \u00e0 respecter le R\u00e8glement G\u00e9n\u00e9ral sur la Protection des Donn\u00e9es n\u00b0 EU 2016\/679 (ci-apr\u00e8s, le \u201cRGPD\u201d), la loi belge du 30 juillet 2018 relative \u00e0 la protection des personnes physiques \u00e0 l\u2019\u00e9gard des traitements de donn\u00e9es \u00e0 caract\u00e8re personnel ainsi que toutes autres lois applicables concernant la protection de la vie priv\u00e9e.<\/p>\n<p>&nbsp;<\/p>\n<p><strong>Quelles donn\u00e9es \u00e0 caract\u00e8re personnel collect\u00e9es par Burama ?<\/strong><\/p>\n<p>En fonction de la finalit\u00e9 pour laquelle nous traitons vos donn\u00e9es \u00e0 caract\u00e8re personnel, nous collectons une ou plusieurs donn\u00e9es \u00e0 caract\u00e8re personnel, qui seront, en g\u00e9n\u00e9ral, de l\u2019ordre suivant :<\/p>\n<ul>\n<li>Donn\u00e9es d\u2019identification relatives \u00e0 vos demandes\/requ\u00eates : par exemple, votre nom, pr\u00e9nom, adresse mail, \u2026<\/li>\n<li>Informations commerciales : par exemple, si vous replissez un formulaire de contact (nom, pr\u00e9nom, adresse mail) ou si vous t\u00e9l\u00e9charger une brochure avec nos produits (titre professionnel, num\u00e9ro de t\u00e9l\u00e9phone, adresse mail, num\u00e9ro de t\u00e9l\u00e9phone).<\/li>\n<li>Donn\u00e9es techniques : dans certaines circonstances, les cookies peuvent stocker des donn\u00e9es \u00e0 caract\u00e8re personnel qui peuvent inclure, en autres, les adresses IP, le type de navigateur, la localisation, le syst\u00e8me d\u2019exploitation\u2026<\/li>\n<\/ul>\n<p>&nbsp;<\/p>\n<p><strong>Sur quelle base vos donn\u00e9es personnelles sont utilis\u00e9es par Burama ?<\/strong><\/p>\n<p>Nous consid\u00e9rons que nous avons un int\u00e9r\u00eat l\u00e9gitime \u00e0 r\u00e9pondre aux demandes ou aux requ\u00eates que vous avez formul\u00e9es par le biais des diff\u00e9rents canaux de contact existants sur notre Site.<\/p>\n<p>&nbsp;<\/p>\n<p><strong>Pourquoi Burama utilise vos donn\u00e9es \u00e0 caract\u00e8re personnel ?<\/strong><\/p>\n<p>Nous traitons vos donn\u00e9es afin de r\u00e9pondre \u00e0 vos demandes d\u2019informations via notre formulaire de contact. Nous traitons \u00e9galement vos donn\u00e9es \u00e0 caract\u00e8re personnel pour g\u00e9rer par exemple votre abonnement \u00e0 la newsletter, notamment pour envoyer des informations personnalis\u00e9es sur nos services ou pour vous informer des nouveaut\u00e9s \u00e0 venir.<\/p>\n<p>&nbsp;<\/p>\n<p><strong>Combien de temps Burama conservera vos informations personnelles ?<\/strong><br \/>\nNous traiterons vos donn\u00e9es pendant la dur\u00e9e n\u00e9cessaire pour r\u00e9pondre \u00e0 votre demande sp\u00e9cifique.<\/p>\n<p>&nbsp;<\/p>\n<p><strong>Partage de donn\u00e9es<\/strong><br \/>\nBurama ne vend pas, n\u2019\u00e9change pas et ne transf\u00e8re pas \u00e0 des tiers vos donn\u00e9es \u00e0 caract\u00e8re personnel.<\/p>\n<p>&nbsp;<\/p>\n<p><strong>Comment prot\u00e9geons-nous vos informations ?<\/strong><br \/>\nBurama traite vos donn\u00e9es \u00e0 caract\u00e8re personnel de mani\u00e8re confidentielle et pr\u00e9voit un niveau de protection pour vos donn\u00e9es \u00e0 caract\u00e8re personnel suffisamment ad\u00e9quat.<br \/>\nVos donn\u00e9es \u00e0 caract\u00e8re personnel sont contenues dans des r\u00e9seaux s\u00e9curis\u00e9s et ne sont accessibles qu\u2019\u00e0 un nombre limit\u00e9 de personnes qui disposent de droits d\u2019acc\u00e8s sp\u00e9cifiques sur ces syst\u00e8mes et qui sont tenues de pr\u00e9server la confidentialit\u00e9 des informations.<\/p>\n<p>&nbsp;<\/p>\n<p><strong>Quels sont vos droits ?<\/strong><\/p>\n<p>Selon le RGPD, vous disposez des droits suivants :<\/p>\n<ul>\n<li>Droit d\u2019acc\u00e8s. Vous avez le droit d\u2019obtenir la confirmation que vos donn\u00e9es \u00e0 caract\u00e8re personnel sont trait\u00e9es ou non et, le cas \u00e9ch\u00e9ant, obtenir des informations pr\u00e9cises quant au(x) traitement(s) de vos donn\u00e9es. Vous avez \u00e9galement le droit de demander une copie de toutes les informations d\u00e9tenues \u00e0 votre sujet.<\/li>\n<li>Droit de rectification. Vous avez le droit d\u2019exiger la rectification de donn\u00e9es inexactes \u00e0 votre sujet.<\/li>\n<li>Droit d\u2019effacement. Vous avez le droit de nous demander de supprimer de nos syst\u00e8mes toutes donn\u00e9es \u00e0 <strong>caract\u00e8re<\/strong> personnel d\u00e9tenues \u00e0 votre sujet, dans les situations pr\u00e9vues par la l\u00e9gislation applicable en mati\u00e8re de protection des donn\u00e9es (\u201cdroit \u00e0 l\u2019oubli\u201d).<\/li>\n<li>Droit de vous opposer au traitement de vos donn\u00e9es \u00e0 caract\u00e8re personnel.<\/li>\n<li>Droit \u00e0 la limitation du traitement de vos donn\u00e9es. Vous avez le droit de restreindre le traitement des donn\u00e9es dans certaines circonstances pr\u00e9cises.<\/li>\n<li>Droit \u00e0 la portabilit\u00e9 des donn\u00e9es. Vous avez le droit de demander la r\u00e9ception ou le transfert \u00e0 une autre organisation, sous une forme structur\u00e9e et lisible par machine, de vos donn\u00e9es \u00e0 caract\u00e8re personnel.<\/li>\n<li>Droit de retirer son consentement. Lorsque vous avez donn\u00e9 votre consentement explicite pour le traitement de vos donn\u00e9es (newsletter), vous pouvez le retirer \u00e0 tout moment et ce, sans justification et sans frais. Cela ne porte toutefois pas atteinte \u00e0 la lic\u00e9it\u00e9 du traitement pour lequel vous avez retir\u00e9 votre consentement et nous appliquerons vos nouvelles pr\u00e9f\u00e9rences pour l\u2019avenir.<\/li>\n<\/ul>\n<p>Si vous souhaitez exercer vos droits, veuillez-nous contacter \u00e0 l\u2019adresse suivante : <a href=\"mailto:burama@burama.be\">burama@burama.be<\/a><\/p>\n<p>&nbsp;<\/p>\n<h3>LES COOKIES<\/h3>\n<p>&nbsp;<\/p>\n<p>Les cookies n\u00e9cessaires ou essentiels sont des cookies indispensables pour pouvoir surfer sur notre site et utiliser nos applications. Ces cookies sont par exemple n\u00e9cessaires pour contr\u00f4ler votre identit\u00e9 lorsque vous vous connectez, avant que nous vous donnions acc\u00e8s \u00e0 votre compte personnel. Si vous refusez ces cookies, plusieurs (parties des) sites ne fonctionneront pas de mani\u00e8re optimale, voire pas du tout.<\/p>\n<p><strong>WPML<\/strong><\/p>\n<p>WPML stocke uniquement les cookies qui sont importants pour son bon fonctionnement.<\/p>\n<p><a href=\"https:\/\/wpml.org\/documentation\/support\/browser-cookies-stored-wpml\/\" target=\"_blank\" rel=\"noopener\">En savoir plus sur ce fournisseur<\/a><\/p>\n<p>&nbsp;<\/p>\n<\/div><\/div>\n                <div class=\"d-none\"><\/div>\n            <\/div>\n        <\/div>\n    <\/div>\n<\/div>\n","protected":false},"excerpt":{"rendered":"","protected":false},"author":1,"featured_media":0,"parent":0,"menu_order":0,"comment_status":"closed","ping_status":"closed","template":"","meta":{"_acf_changed":false,"footnotes":""},"class_list":["post-31112","page","type-page","status-publish","hentry"],"acf":[],"yoast_head":"<!-- This site is optimized with the Yoast SEO plugin v26.9 - https:\/\/yoast.com\/product\/yoast-seo-wordpress\/ -->\n<title>R\u00e8gles de confidentialit\u00e9 &amp; Cookies | Burama<\/title>\n<meta name=\"robots\" content=\"index, follow, max-snippet:-1, max-image-preview:large, max-video-preview:-1\" \/>\n<link rel=\"canonical\" href=\"https:\/\/burama.be\/fr\/regles-de-confidentialite-cookies\/\" \/>\n<meta property=\"og:type\" content=\"article\" \/>\n<meta property=\"og:title\" content=\"R\u00e8gles de confidentialit\u00e9 &amp; Cookies | Burama\" \/>\n<meta property=\"og:url\" content=\"https:\/\/burama.be\/fr\/regles-de-confidentialite-cookies\/\" \/>\n<meta property=\"og:site_name\" content=\"Burama\" \/>\n<meta property=\"article:publisher\" content=\"https:\/\/www.facebook.com\/buramafurniture\" \/>\n<meta property=\"article:modified_time\" content=\"2024-08-07T11:01:24+00:00\" \/>\n<meta name=\"twitter:card\" content=\"summary_large_image\" \/>\n<script type=\"application\/ld+json\" class=\"yoast-schema-graph\">{\"@context\":\"https:\/\/schema.org\",\"@graph\":[{\"@type\":\"WebPage\",\"@id\":\"https:\/\/burama.be\/fr\/regles-de-confidentialite-cookies\/\",\"url\":\"https:\/\/burama.be\/fr\/regles-de-confidentialite-cookies\/\",\"name\":\"R\u00e8gles de confidentialit\u00e9 & Cookies | Burama\",\"isPartOf\":{\"@id\":\"https:\/\/burama.be\/fr\/#website\"},\"datePublished\":\"2023-08-28T13:05:54+00:00\",\"dateModified\":\"2024-08-07T11:01:24+00:00\",\"breadcrumb\":{\"@id\":\"https:\/\/burama.be\/fr\/regles-de-confidentialite-cookies\/#breadcrumb\"},\"inLanguage\":\"fr-FR\",\"potentialAction\":[{\"@type\":\"ReadAction\",\"target\":[\"https:\/\/burama.be\/fr\/regles-de-confidentialite-cookies\/\"]}]},{\"@type\":\"BreadcrumbList\",\"@id\":\"https:\/\/burama.be\/fr\/regles-de-confidentialite-cookies\/#breadcrumb\",\"itemListElement\":[{\"@type\":\"ListItem\",\"position\":1,\"name\":\"Home\",\"item\":\"https:\/\/burama.be\/fr\/\"},{\"@type\":\"ListItem\",\"position\":2,\"name\":\"R\u00e8gles de confidentialit\u00e9 &#038; Cookies\"}]},{\"@type\":\"WebSite\",\"@id\":\"https:\/\/burama.be\/fr\/#website\",\"url\":\"https:\/\/burama.be\/fr\/\",\"name\":\"Burama\",\"description\":\"Improving your workspace\",\"publisher\":{\"@id\":\"https:\/\/burama.be\/fr\/#organization\"},\"potentialAction\":[{\"@type\":\"SearchAction\",\"target\":{\"@type\":\"EntryPoint\",\"urlTemplate\":\"https:\/\/burama.be\/fr\/?s={search_term_string}\"},\"query-input\":{\"@type\":\"PropertyValueSpecification\",\"valueRequired\":true,\"valueName\":\"search_term_string\"}}],\"inLanguage\":\"fr-FR\"},{\"@type\":\"Organization\",\"@id\":\"https:\/\/burama.be\/fr\/#organization\",\"name\":\"Burama\",\"url\":\"https:\/\/burama.be\/fr\/\",\"logo\":{\"@type\":\"ImageObject\",\"inLanguage\":\"fr-FR\",\"@id\":\"https:\/\/burama.be\/fr\/#\/schema\/logo\/image\/\",\"url\":\"https:\/\/burama.be\/app\/uploads\/2023\/02\/burama-logo-footer.svg\",\"contentUrl\":\"https:\/\/burama.be\/app\/uploads\/2023\/02\/burama-logo-footer.svg\",\"width\":1,\"height\":1,\"caption\":\"Burama\"},\"image\":{\"@id\":\"https:\/\/burama.be\/fr\/#\/schema\/logo\/image\/\"},\"sameAs\":[\"https:\/\/www.facebook.com\/buramafurniture\",\"https:\/\/be.linkedin.com\/company\/burama-be\",\"https:\/\/www.instagram.com\/burama.be\"]}]}<\/script>\n<!-- \/ Yoast SEO plugin. -->","yoast_head_json":{"title":"R\u00e8gles de confidentialit\u00e9 & Cookies | Burama","robots":{"index":"index","follow":"follow","max-snippet":"max-snippet:-1","max-image-preview":"max-image-preview:large","max-video-preview":"max-video-preview:-1"},"canonical":"https:\/\/burama.be\/fr\/regles-de-confidentialite-cookies\/","og_type":"article","og_title":"R\u00e8gles de confidentialit\u00e9 & Cookies | Burama","og_url":"https:\/\/burama.be\/fr\/regles-de-confidentialite-cookies\/","og_site_name":"Burama","article_publisher":"https:\/\/www.facebook.com\/buramafurniture","article_modified_time":"2024-08-07T11:01:24+00:00","twitter_card":"summary_large_image","schema":{"@context":"https:\/\/schema.org","@graph":[{"@type":"WebPage","@id":"https:\/\/burama.be\/fr\/regles-de-confidentialite-cookies\/","url":"https:\/\/burama.be\/fr\/regles-de-confidentialite-cookies\/","name":"R\u00e8gles de confidentialit\u00e9 & Cookies | Burama","isPartOf":{"@id":"https:\/\/burama.be\/fr\/#website"},"datePublished":"2023-08-28T13:05:54+00:00","dateModified":"2024-08-07T11:01:24+00:00","breadcrumb":{"@id":"https:\/\/burama.be\/fr\/regles-de-confidentialite-cookies\/#breadcrumb"},"inLanguage":"fr-FR","potentialAction":[{"@type":"ReadAction","target":["https:\/\/burama.be\/fr\/regles-de-confidentialite-cookies\/"]}]},{"@type":"BreadcrumbList","@id":"https:\/\/burama.be\/fr\/regles-de-confidentialite-cookies\/#breadcrumb","itemListElement":[{"@type":"ListItem","position":1,"name":"Home","item":"https:\/\/burama.be\/fr\/"},{"@type":"ListItem","position":2,"name":"R\u00e8gles de confidentialit\u00e9 &#038; Cookies"}]},{"@type":"WebSite","@id":"https:\/\/burama.be\/fr\/#website","url":"https:\/\/burama.be\/fr\/","name":"Burama","description":"Improving your workspace","publisher":{"@id":"https:\/\/burama.be\/fr\/#organization"},"potentialAction":[{"@type":"SearchAction","target":{"@type":"EntryPoint","urlTemplate":"https:\/\/burama.be\/fr\/?s={search_term_string}"},"query-input":{"@type":"PropertyValueSpecification","valueRequired":true,"valueName":"search_term_string"}}],"inLanguage":"fr-FR"},{"@type":"Organization","@id":"https:\/\/burama.be\/fr\/#organization","name":"Burama","url":"https:\/\/burama.be\/fr\/","logo":{"@type":"ImageObject","inLanguage":"fr-FR","@id":"https:\/\/burama.be\/fr\/#\/schema\/logo\/image\/","url":"https:\/\/burama.be\/app\/uploads\/2023\/02\/burama-logo-footer.svg","contentUrl":"https:\/\/burama.be\/app\/uploads\/2023\/02\/burama-logo-footer.svg","width":1,"height":1,"caption":"Burama"},"image":{"@id":"https:\/\/burama.be\/fr\/#\/schema\/logo\/image\/"},"sameAs":["https:\/\/www.facebook.com\/buramafurniture","https:\/\/be.linkedin.com\/company\/burama-be","https:\/\/www.instagram.com\/burama.be"]}]}},"_links":{"self":[{"href":"https:\/\/burama.be\/fr\/wp-json\/wp\/v2\/pages\/31112","targetHints":{"allow":["GET"]}}],"collection":[{"href":"https:\/\/burama.be\/fr\/wp-json\/wp\/v2\/pages"}],"about":[{"href":"https:\/\/burama.be\/fr\/wp-json\/wp\/v2\/types\/page"}],"author":[{"embeddable":true,"href":"https:\/\/burama.be\/fr\/wp-json\/wp\/v2\/users\/1"}],"replies":[{"embeddable":true,"href":"https:\/\/burama.be\/fr\/wp-json\/wp\/v2\/comments?post=31112"}],"version-history":[{"count":2,"href":"https:\/\/burama.be\/fr\/wp-json\/wp\/v2\/pages\/31112\/revisions"}],"predecessor-version":[{"id":43620,"href":"https:\/\/burama.be\/fr\/wp-json\/wp\/v2\/pages\/31112\/revisions\/43620"}],"wp:attachment":[{"href":"https:\/\/burama.be\/fr\/wp-json\/wp\/v2\/media?parent=31112"}],"curies":[{"name":"wp","href":"https:\/\/api.w.org\/{rel}","templated":true}]}}